{"id":855,"date":"2016-04-25T17:04:56","date_gmt":"2016-04-25T17:04:56","guid":{"rendered":"http:\/\/industry.saturnthemes.com\/?page_id=855"},"modified":"2018-04-10T21:53:26","modified_gmt":"2018-04-10T21:53:26","slug":"kontakt","status":"publish","type":"page","link":"https:\/\/ka-trading.com\/en\/kontakt\/","title":{"rendered":"Contact"},"content":{"rendered":"<div class=\"wpb-content-wrapper\"><p>[vc_row css=&#8221;.vc_custom_1465980984912{border-bottom-width: 1px !important;padding-bottom: 36px !important;border-bottom-color: #eeeeee !important;border-bottom-style: solid !important;}&#8221;][vc_column width=&#8221;1\/2&#8243; offset=&#8221;vc_col-md-4&#8243;][saturnthemes_industry_contact title=&#8221;Contact Details&#8221; address=&#8221;Sed\u00eb Novosel\u00eb, 18 km, Vlor\u00eb (AL)&#8221; phone=&#8221;+35534504800, +355 67 20 88970&#8243; email=&#8221;info@ka-trading.com&#8221; facebook=&#8221;#&#8221; twitter=&#8221;#&#8221; linkedin=&#8221;#&#8221; skype=&#8221;#&#8221; el_class=&#8221;custom-contact-white&#8221; css=&#8221;.vc_custom_1523392340268{padding-top: 50px !important;padding-right: 30px !important;padding-bottom: 50px !important;padding-left: 30px !important;background-image: url(https:\/\/ka-trading.com\/wp-content\/uploads\/2018\/04\/contact.png?id=1871) !important;}&#8221;][\/vc_column][vc_column width=&#8221;1\/2&#8243; offset=&#8221;vc_col-md-8&#8243;][saturnthemes_industry_google_map latitude=&#8221;40.6230031&#8243; longitude=&#8221;19.4690444&#8243; height=&#8221;310px&#8221; map_style=&#8221;custom&#8221; zoom=&#8221;16&#8243;][\/vc_column][\/vc_row][vc_row css=&#8221;.vc_custom_1465981075635{border-top-width: 1px !important;padding-top: 55px !important;padding-bottom: 60px !important;border-top-color: #eeeeee !important;}&#8221;][vc_column offset=&#8221;vc_col-md-8&#8243;][vc_custom_heading text=&#8221;Get In Touch&#8221; font_container=&#8221;tag:h2|font_size:30px|text_align:left|line_height:1.2&#8243; use_theme_fonts=&#8221;yes&#8221; font_weight=&#8221;700&#8243; text_transform=&#8221;uppercase&#8221; sub_heading_character_color=&#8221;rgba(0,0,0,0.4)&#8221;][vc_column_text]If you have any questions about the services we provide simply use the form below. We try and respond to all queries and comments within 24 hours.[\/vc_column_text]\n<div class=\"wpcf7 no-js\" id=\"wpcf7-f83-o2\" lang=\"en-US\" dir=\"ltr\">\n<div class=\"screen-reader-response\"><p role=\"status\" aria-live=\"polite\" aria-atomic=\"true\"><\/p> <ul><\/ul><\/div>\n<form action=\"\/en\/wp-json\/wp\/v2\/pages\/855#wpcf7-f83-o2\" method=\"post\" class=\"wpcf7-form init\" aria-label=\"Contact form\" novalidate=\"novalidate\" data-status=\"init\">\n<div style=\"display: none;\">\n<input type=\"hidden\" name=\"_wpcf7\" value=\"83\" \/>\n<input type=\"hidden\" name=\"_wpcf7_version\" value=\"5.9.8\" \/>\n<input type=\"hidden\" name=\"_wpcf7_locale\" value=\"en_US\" \/>\n<input type=\"hidden\" name=\"_wpcf7_unit_tag\" value=\"wpcf7-f83-o2\" \/>\n<input type=\"hidden\" name=\"_wpcf7_container_post\" value=\"0\" \/>\n<input type=\"hidden\" name=\"_wpcf7_posted_data_hash\" value=\"\" \/>\n<\/div>\n<div class=\"row\">\n\t<div class=\"col-sm-6\">\n\t\t<p><br \/>\n<span class=\"wpcf7-form-control-wrap\" data-name=\"your-name\"><input size=\"40\" maxlength=\"400\" class=\"wpcf7-form-control wpcf7-text wpcf7-validates-as-required\" aria-required=\"true\" aria-invalid=\"false\" placeholder=\"Your Name (required)\" value=\"\" type=\"text\" name=\"your-name\" \/><\/span>\n\t\t<\/p>\n\t\t<p><br \/>\n<span class=\"wpcf7-form-control-wrap\" data-name=\"your-email\"><input size=\"40\" maxlength=\"400\" class=\"wpcf7-form-control wpcf7-email wpcf7-validates-as-required wpcf7-text wpcf7-validates-as-email\" aria-required=\"true\" aria-invalid=\"false\" placeholder=\"Your Email (required)\" value=\"\" type=\"email\" name=\"your-email\" \/><\/span>\n\t\t<\/p>\n\t\t<p><br \/>\n<span class=\"wpcf7-form-control-wrap\" data-name=\"tel-377\"><input size=\"40\" maxlength=\"400\" class=\"wpcf7-form-control wpcf7-tel wpcf7-text wpcf7-validates-as-tel\" aria-invalid=\"false\" placeholder=\"Phone\" value=\"\" type=\"tel\" name=\"tel-377\" \/><\/span>\n\t\t<\/p>\n\t\t<p><br \/>\n<span class=\"wpcf7-form-control-wrap\" data-name=\"your-subject\"><input size=\"40\" maxlength=\"400\" class=\"wpcf7-form-control wpcf7-text\" aria-invalid=\"false\" placeholder=\"Subject\" value=\"\" type=\"text\" name=\"your-subject\" \/><\/span>\n\t\t<\/p>\n\t\t<p><input class=\"wpcf7-form-control wpcf7-submit has-spinner button primary-button\" type=\"submit\" value=\"Send\" \/>\n\t\t<\/p>\n\t<\/div>\n\t<div class=\"col-sm-6\">\n\t\t<p><br \/>\n<span class=\"wpcf7-form-control-wrap\" data-name=\"your-message\"><textarea cols=\"40\" rows=\"10\" maxlength=\"2000\" class=\"wpcf7-form-control wpcf7-textarea\" aria-invalid=\"false\" placeholder=\"Your Message\" name=\"your-message\"><\/textarea><\/span>\n\t\t<\/p>\n\t<\/div>\n<\/div><div class=\"wpcf7-response-output\" aria-hidden=\"true\"><\/div>\n<\/form>\n<\/div>\n[\/vc_column][vc_column width=&#8221;1\/3&#8243; offset=&#8221;vc_hidden-sm vc_hidden-xs&#8221;][vc_gallery type=&#8221;image_grid&#8221; images=&#8221;1866,1864&#8243; img_size=&#8221;full&#8221; onclick=&#8221;&#8221;][\/vc_column][\/vc_row][vc_row][vc_column][vc_column_text]<\/p>\n<p>[\/vc_column_text][\/vc_column][\/vc_row][vc_row full_width=&#8221;stretch_row&#8221; el_class=&#8221;primary-bg group-btn-inline inline-right&#8221;][vc_column][vc_row_inner][vc_column_inner width=&#8221;1\/3&#8243;][saturnthemes_industry_icon_box icon_fontawesome=&#8221;fa fa-download&#8221; read_more=&#8221;box&#8221; link=&#8221;url:https%3A%2F%2Fka-trading.com%2Fwp-content%2Fuploads%2F2017%2F12%2FCertifikate_KA-trading_ISO-9001_2.pdf||target:%20_blank|&#8221; el_class=&#8221;inline-left&#8221; custom_color=&#8221;#ffffff&#8221; title=&#8221;Don\u2019t Hesitate To Ask&#8221; content_color=&#8221;#ffffff&#8221; icon_background_color=&#8221;#18691e&#8221; title_color=&#8221;#ffffff&#8221;]DOWNLOAD BROCHURES[\/saturnthemes_industry_icon_box][\/vc_column_inner][vc_column_inner width=&#8221;2\/3&#8243;][saturnthemes_industry_icon_button btn_align=&#8221;right&#8221; btn_style=&#8221;custom&#8221; button_color=&#8221;#ffffff&#8221; button_text_color_hover=&#8221;#444444&#8243; button_bg_color_hover=&#8221;#ffffff&#8221; button_border_color_hover=&#8221;#ffffff&#8221; button_icon_color=&#8221;#4c4c4c&#8221; icon_fontawesome=&#8221;fa fa-download&#8221; link=&#8221;url:https%3A%2F%2Fka-trading.com%2Fwp-content%2Fuploads%2F2017%2F12%2FCertifikate_KA-trading_ISO-9001_2.pdf|title:Download||&#8221; css=&#8221;.vc_custom_1523394710776{margin-top: 25px !important;}&#8221;][saturnthemes_industry_icon_button btn_align=&#8221;right&#8221; btn_style=&#8221;custom&#8221; button_color=&#8221;#ffffff&#8221; button_text_color_hover=&#8221;#353535&#8243; button_bg_color_hover=&#8221;#ffffff&#8221; button_border_color=&#8221;#ffffff&#8221; button_border_color_hover=&#8221;#ffffff&#8221; button_icon_color=&#8221;#353535&#8243; icon_fontawesome=&#8221;fa fa-share&#8221; link=&#8221;url:https%3A%2F%2Fka-trading.com%2Fkontakt|title:Submit%20Inquiry|target:%20_blank|&#8221; css=&#8221;.vc_custom_1523394719943{margin-top: 25px !important;}&#8221;][\/vc_column_inner][\/vc_row_inner][\/vc_column][\/vc_row]<\/p>\n<\/div>","protected":false},"excerpt":{"rendered":"<p>[vc_row css=&#8221;.vc_custom_1465980984912{border-bottom-width: 1px !important;padding-bottom: 36px !important;border-bottom-color: #eeeeee !important;border-bottom-style: solid !important;}&#8221;][vc_column width=&#8221;1\/2&#8243; offset=&#8221;vc_col-md-4&#8243;][saturnthemes_industry_contact title=&#8221;Contact Details&#8221; address=&#8221;Sed\u00eb Novosel\u00eb, 18 km, Vlor\u00eb (AL)&#8221; phone=&#8221;+35534504800, +355 67 20 88970&#8243; email=&#8221;info@ka-trading.com&#8221; facebook=&#8221;#&#8221; twitter=&#8221;#&#8221; linkedin=&#8221;#&#8221; skype=&#8221;#&#8221; el_class=&#8221;custom-contact-white&#8221; css=&#8221;.vc_custom_1523392340268{padding-top: 50px !important;padding-right: 30px !important;padding-bottom: 50px !important;padding-left: 30px !important;background-image: url(https:\/\/ka-trading.com\/wp-content\/uploads\/2018\/04\/contact.png?id=1871) !important;}&#8221;][\/vc_column][vc_column width=&#8221;1\/2&#8243; offset=&#8221;vc_col-md-8&#8243;][saturnthemes_industry_google_map latitude=&#8221;40.6230031&#8243; longitude=&#8221;19.4690444&#8243; height=&#8221;310px&#8221; map_style=&#8221;custom&#8221; zoom=&#8221;16&#8243;][\/vc_column][\/vc_row][vc_row css=&#8221;.vc_custom_1465981075635{border-top-width: 1px !important;padding-top: 55px !important;padding-bottom: 60px !important;border-top-color: #eeeeee !important;}&#8221;][vc_column offset=&#8221;vc_col-md-8&#8243;][vc_custom_heading text=&#8221;Get In Touch&#8221; font_container=&#8221;tag:h2|font_size:30px|text_align:left|line_height:1.2&#8243; use_theme_fonts=&#8221;yes&#8221; font_weight=&#8221;700&#8243; text_transform=&#8221;uppercase&#8221; sub_heading_character_color=&#8221;rgba(0,0,0,0.4)&#8221;][vc_column_text]If you have any questions about the services we provide simply use the form below. We try and respond to all queries and comments within 24 hours.[\/vc_column_text][\/vc_column][vc_column width=&#8221;1\/3&#8243; offset=&#8221;vc_hidden-sm vc_hidden-xs&#8221;][vc_gallery type=&#8221;image_grid&#8221; images=&#8221;1866,1864&#8243; img_size=&#8221;full&#8221; onclick=&#8221;&#8221;][\/vc_column][\/vc_row][vc_row][vc_column][vc_column_text] [\/vc_column_text][\/vc_column][\/vc_row][vc_row full_width=&#8221;stretch_row&#8221; el_class=&#8221;primary-bg group-btn-inline inline-right&#8221;][vc_column][vc_row_inner][vc_column_inner width=&#8221;1\/3&#8243;][saturnthemes_industry_icon_box icon_fontawesome=&#8221;fa fa-download&#8221; read_more=&#8221;box&#8221; link=&#8221;url:https%3A%2F%2Fka-trading.com%2Fwp-content%2Fuploads%2F2017%2F12%2FCertifikate_KA-trading_ISO-9001_2.pdf||target:%20_blank|&#8221; el_class=&#8221;inline-left&#8221; custom_color=&#8221;#ffffff&#8221; title=&#8221;Don\u2019t Hesitate To Ask&#8221; content_color=&#8221;#ffffff&#8221; icon_background_color=&#8221;#18691e&#8221; title_color=&#8221;#ffffff&#8221;]DOWNLOAD BROCHURES[\/saturnthemes_industry_icon_box][\/vc_column_inner][vc_column_inner width=&#8221;2\/3&#8243;][saturnthemes_industry_icon_button btn_align=&#8221;right&#8221; btn_style=&#8221;custom&#8221; button_color=&#8221;#ffffff&#8221; button_text_color_hover=&#8221;#444444&#8243; button_bg_color_hover=&#8221;#ffffff&#8221; button_border_color_hover=&#8221;#ffffff&#8221; button_icon_color=&#8221;#4c4c4c&#8221; icon_fontawesome=&#8221;fa fa-download&#8221; link=&#8221;url:https%3A%2F%2Fka-trading.com%2Fwp-content%2Fuploads%2F2017%2F12%2FCertifikate_KA-trading_ISO-9001_2.pdf|title:Download||&#8221; css=&#8221;.vc_custom_1523394710776{margin-top: 25px !important;}&#8221;][saturnthemes_industry_icon_button btn_align=&#8221;right&#8221; btn_style=&#8221;custom&#8221; button_color=&#8221;#ffffff&#8221; button_text_color_hover=&#8221;#353535&#8243; button_bg_color_hover=&#8221;#ffffff&#8221; button_border_color=&#8221;#ffffff&#8221; button_border_color_hover=&#8221;#ffffff&#8221; button_icon_color=&#8221;#353535&#8243; icon_fontawesome=&#8221;fa fa-share&#8221; link=&#8221;url:https%3A%2F%2Fka-trading.com%2Fkontakt|title:Submit%20Inquiry|target:%20_blank|&#8221; css=&#8221;.vc_custom_1523394719943{margin-top: 25px !important;}&#8221;][\/vc_column_inner][\/vc_row_inner][\/vc_column][\/vc_row]<\/p>\n","protected":false},"author":1,"featured_media":0,"parent":0,"menu_order":0,"comment_status":"closed","ping_status":"closed","template":"","meta":{"footnotes":""},"_links":{"self":[{"href":"https:\/\/ka-trading.com\/en\/wp-json\/wp\/v2\/pages\/855"}],"collection":[{"href":"https:\/\/ka-trading.com\/en\/wp-json\/wp\/v2\/pages"}],"about":[{"href":"https:\/\/ka-trading.com\/en\/wp-json\/wp\/v2\/types\/page"}],"author":[{"embeddable":true,"href":"https:\/\/ka-trading.com\/en\/wp-json\/wp\/v2\/users\/1"}],"replies":[{"embeddable":true,"href":"https:\/\/ka-trading.com\/en\/wp-json\/wp\/v2\/comments?post=855"}],"version-history":[{"count":26,"href":"https:\/\/ka-trading.com\/en\/wp-json\/wp\/v2\/pages\/855\/revisions"}],"predecessor-version":[{"id":1895,"href":"https:\/\/ka-trading.com\/en\/wp-json\/wp\/v2\/pages\/855\/revisions\/1895"}],"wp:attachment":[{"href":"https:\/\/ka-trading.com\/en\/wp-json\/wp\/v2\/media?parent=855"}],"curies":[{"name":"wp","href":"https:\/\/api.w.org\/{rel}","templated":true}]}}