{"id":687,"date":"2016-04-19T16:17:12","date_gmt":"2016-04-19T16:17:12","guid":{"rendered":"http:\/\/industry.saturnthemes.com\/?page_id=687"},"modified":"2018-04-10T21:04:51","modified_gmt":"2018-04-10T21:04:51","slug":"homepage-01","status":"publish","type":"page","link":"https:\/\/ka-trading.com\/en\/","title":{"rendered":"Homepage 01"},"content":{"rendered":"<div class=\"wpb-content-wrapper\"><p>[vc_row 0=&#8221;&#8221;][vc_column 0=&#8221;&#8221;][vc_column_text 0=&#8221;&#8221;]\n\t\t\t<!-- START Homepage 01 REVOLUTION SLIDER 6.7.38 --><p class=\"rs-p-wp-fix\"><\/p>\n\t\t\t<rs-module-wrap id=\"rev_slider_1_2_wrapper\" data-source=\"gallery\" style=\"visibility:hidden;background:transparent;padding:0;margin:0px auto;margin-top:0;margin-bottom:0;\">\n\t\t\t\t<rs-module id=\"rev_slider_1_2\" style=\"\" data-version=\"6.7.38\">\n\t\t\t\t\t<rs-slides style=\"overflow: hidden; position: absolute;\">\n\t\t\t\t\t\t<rs-slide style=\"position: absolute;\" data-key=\"rs-1\" data-title=\"Slide\" data-thumb=\"\/\/ka-trading.com\/wp-content\/uploads\/2017\/12\/banner4-100x50.png\" data-in=\"y:-100%;\">\n\t\t\t\t\t\t\t<img decoding=\"async\" src=\"\/\/ka-trading.com\/wp-content\/plugins\/revslider\/sr6\/assets\/assets\/dummy.png\" alt=\"\" title=\"Homepage 01\" class=\"rev-slidebg tp-rs-img rs-lazyload\" data-lazyload=\"\/\/ka-trading.com\/wp-content\/uploads\/2017\/12\/banner4.png\" data-parallax=\"off\" data-no-retina>\n<!--\n\t\t\t\t\t\t\t--><rs-layer\n\t\t\t\t\t\t\t\tid=\"slider-1-slide-1-layer-1\" \n\t\t\t\t\t\t\t\tclass=\"Industry Montserrat Big\"\n\t\t\t\t\t\t\t\tdata-type=\"text\"\n\t\t\t\t\t\t\t\tdata-color=\"rgba(255, 255, 255, 1)\"\n\t\t\t\t\t\t\t\tdata-rsp_ch=\"on\"\n\t\t\t\t\t\t\t\tdata-xy=\"x:l,l,l,c;y:t,t,t,m;yo:171px,171px,171px,-15px;\"\n\t\t\t\t\t\t\t\tdata-text=\"s:40,40,40,30;l:55,55,55,33;fw:700;\"\n\t\t\t\t\t\t\t\tdata-frame_0=\"x:50px;tp:600;\"\n\t\t\t\t\t\t\t\tdata-frame_1=\"tp:600;e:power2.inOut;st:500;sp:410;sR:500;\"\n\t\t\t\t\t\t\t\tdata-frame_999=\"x:left;tp:600;e:nothing;st:w;sR:4090;\"\n\t\t\t\t\t\t\t\tstyle=\"z-index:5;font-family:'Montserrat';\"\n\t\t\t\t\t\t\t><span style=\"color: #FFF;\">Manufacturer & Supplier of <\/span> \n\t\t\t\t\t\t\t<\/rs-layer><!--\n\n\t\t\t\t\t\t\t--><rs-layer\n\t\t\t\t\t\t\t\tid=\"slider-1-slide-1-layer-3\" \n\t\t\t\t\t\t\t\tclass=\"Industry Montserrat Big\"\n\t\t\t\t\t\t\t\tdata-type=\"text\"\n\t\t\t\t\t\t\t\tdata-color=\"transparent\"\n\t\t\t\t\t\t\t\tdata-rsp_ch=\"on\"\n\t\t\t\t\t\t\t\tdata-xy=\"x:l,l,l,c;y:t,t,t,m;yo:226px,226px,226px,29px;\"\n\t\t\t\t\t\t\t\tdata-text=\"s:50,50,50,30;l:55,55,55,33;fw:700;\"\n\t\t\t\t\t\t\t\tdata-frame_0=\"x:-50px;tp:600;\"\n\t\t\t\t\t\t\t\tdata-frame_1=\"tp:600;e:power2.inOut;st:500;sp:880;sR:500;\"\n\t\t\t\t\t\t\t\tdata-frame_999=\"x:right;tp:600;e:nothing;st:w;sR:3620;\"\n\t\t\t\t\t\t\t\tstyle=\"z-index:6;font-family:'Montserrat';\"\n\t\t\t\t\t\t\t><span class=\"primary-color\">High Quality Diapers<\/span> \n\t\t\t\t\t\t\t<\/rs-layer><!--\n\n\t\t\t\t\t\t\t--><rs-layer\n\t\t\t\t\t\t\t\tid=\"slider-1-slide-1-layer-4\" \n\t\t\t\t\t\t\t\tdata-type=\"text\"\n\t\t\t\t\t\t\t\tdata-color=\"rgba(255, 255, 255, 1)\"\n\t\t\t\t\t\t\t\tdata-rsp_ch=\"on\"\n\t\t\t\t\t\t\t\tdata-xy=\"x:l,l,l,c;xo:0,0,0,23px;y:t,t,t,m;yo:306px,306px,306px,-61px;\"\n\t\t\t\t\t\t\t\tdata-text=\"w:normal;s:18;l:29;\"\n\t\t\t\t\t\t\t\tdata-dim=\"w:366px;h:23px;\"\n\t\t\t\t\t\t\t\tdata-vbility=\"t,t,t,f\"\n\t\t\t\t\t\t\t\tdata-frame_0=\"o:1;tp:600;\"\n\t\t\t\t\t\t\t\tdata-frame_1=\"tp:600;e:power2.inOut;st:500;sp:1440;sR:500;\"\n\t\t\t\t\t\t\t\tdata-frame_999=\"y:top;tp:600;e:nothing;st:w;sR:3060;\"\n\t\t\t\t\t\t\t\tstyle=\"z-index:7;font-family:'Montserrat';\"\n\t\t\t\t\t\t\t><span style=\"color: rgba(255, 255, 255, .7\">Continuous research and development of new products.<\/span> \n\t\t\t\t\t\t\t<\/rs-layer><!--\n\n\t\t\t\t\t\t\t--><rs-layer\n\t\t\t\t\t\t\t\tid=\"slider-1-slide-1-layer-8\" \n\t\t\t\t\t\t\t\tdata-type=\"text\"\n\t\t\t\t\t\t\t\tdata-rsp_ch=\"on\"\n\t\t\t\t\t\t\t\tdata-xy=\"xo:-1px;yo:411px;\"\n\t\t\t\t\t\t\t\tdata-text=\"s:16;l:22;a:inherit;\"\n\t\t\t\t\t\t\t\tdata-frame_0=\"sX:ran(0|1);sY:ran(0|1);rX:ran(-90|90);rY:ran(-90|90);rZ:ran(-360|360);tp:600;\"\n\t\t\t\t\t\t\t\tdata-frame_1=\"tp:600;e:power2.inOut;st:470;sp:1990;sR:470;\"\n\t\t\t\t\t\t\t\tdata-frame_999=\"y:bottom;tp:600;e:nothing;st:w;sR:2540;\"\n\t\t\t\t\t\t\t\tstyle=\"z-index:8;font-family:'Open Sans';\"\n\t\t\t\t\t\t\t><a href=\"produkte\" class=\"button primary-button\"><i class=\"fa fa-share\"><\/i>Read More<\/a> \n\t\t\t\t\t\t\t<\/rs-layer><!--\n-->\t\t\t\t\t<\/rs-slide>\n\t\t\t\t\t\t<rs-slide style=\"position: absolute;\" data-key=\"rs-2\" data-title=\"Slide\" data-thumb=\"\/\/ka-trading.com\/wp-content\/uploads\/2017\/12\/banner3-100x50.png\" data-in=\"o:1;y:100%;\" data-out=\"y:-60%;\">\n\t\t\t\t\t\t\t<img decoding=\"async\" src=\"\/\/ka-trading.com\/wp-content\/plugins\/revslider\/sr6\/assets\/assets\/dummy.png\" alt=\"\" title=\"Homepage 01\" class=\"rev-slidebg tp-rs-img rs-lazyload\" data-lazyload=\"\/\/ka-trading.com\/wp-content\/uploads\/2017\/12\/banner3.png\" data-parallax=\"off\" data-no-retina>\n<!--\n\t\t\t\t\t\t\t--><rs-layer\n\t\t\t\t\t\t\t\tid=\"slider-1-slide-2-layer-1\" \n\t\t\t\t\t\t\t\tclass=\"Industry Montserrat Big\"\n\t\t\t\t\t\t\t\tdata-type=\"text\"\n\t\t\t\t\t\t\t\tdata-color=\"rgba(255, 255, 255, 1)\"\n\t\t\t\t\t\t\t\tdata-rsp_ch=\"on\"\n\t\t\t\t\t\t\t\tdata-xy=\"x:l,l,l,c;xo:500px,500px,500px,3px;y:t,t,t,m;yo:170px,170px,170px,-15px;\"\n\t\t\t\t\t\t\t\tdata-text=\"s:50,50,50,30;l:55,55,55,33;fw:700;\"\n\t\t\t\t\t\t\t\tdata-frame_0=\"x:-50px;tp:600;\"\n\t\t\t\t\t\t\t\tdata-frame_1=\"tp:600;e:power2.inOut;st:500;sR:500;\"\n\t\t\t\t\t\t\t\tdata-frame_999=\"x:ran(-250|250);y:ran(-150|150);sX:ran(0|1);sY:ran(0|1);o:0;rX:ran(-90|90);rY:ran(-90|90);rZ:ran(-360|360);tp:600;e:nothing;st:w;sR:4200;\"\n\t\t\t\t\t\t\t\tstyle=\"z-index:5;font-family:'Montserrat';\"\n\t\t\t\t\t\t\t><span style=\"color: #FFF;\">Baby  & Adult <\/span><span class=\"primary-color\">Diapers<\/span> \n\t\t\t\t\t\t\t<\/rs-layer><!--\n\n\t\t\t\t\t\t\t--><rs-layer\n\t\t\t\t\t\t\t\tid=\"slider-1-slide-2-layer-3\" \n\t\t\t\t\t\t\t\tclass=\"Industry Montserrat Big\"\n\t\t\t\t\t\t\t\tdata-type=\"text\"\n\t\t\t\t\t\t\t\tdata-color=\"transparent\"\n\t\t\t\t\t\t\t\tdata-rsp_ch=\"on\"\n\t\t\t\t\t\t\t\tdata-xy=\"x:l,l,l,c;xo:500px,500px,500px,0;y:t,t,t,m;yo:226px,226px,226px,20px;\"\n\t\t\t\t\t\t\t\tdata-text=\"s:50,50,50,30;l:55,55,55,33;fw:700;\"\n\t\t\t\t\t\t\t\tdata-frame_0=\"x:50px;tp:600;\"\n\t\t\t\t\t\t\t\tdata-frame_1=\"tp:600;e:power2.inOut;st:500;sp:710;sR:500;\"\n\t\t\t\t\t\t\t\tdata-frame_999=\"y:-50px;o:0;tp:600;e:nothing;st:w;sR:3790;\"\n\t\t\t\t\t\t\t\tstyle=\"z-index:6;font-family:'Montserrat';\"\n\t\t\t\t\t\t\t><span style=\"color: #FFF\">Website Ever!<\/span> \n\t\t\t\t\t\t\t<\/rs-layer><!--\n\n\t\t\t\t\t\t\t--><rs-layer\n\t\t\t\t\t\t\t\tid=\"slider-1-slide-2-layer-4\" \n\t\t\t\t\t\t\t\tdata-type=\"text\"\n\t\t\t\t\t\t\t\tdata-color=\"rgba(255, 255, 255, 1)\"\n\t\t\t\t\t\t\t\tdata-rsp_ch=\"on\"\n\t\t\t\t\t\t\t\tdata-xy=\"x:l,l,l,c;xo:499px,499px,499px,0;yo:306px,306px,306px,139px;\"\n\t\t\t\t\t\t\t\tdata-text=\"w:normal;s:18;l:29;\"\n\t\t\t\t\t\t\t\tdata-dim=\"w:366px;h:23px;\"\n\t\t\t\t\t\t\t\tdata-vbility=\"t,t,t,f\"\n\t\t\t\t\t\t\t\tdata-frame_0=\"tp:600;\"\n\t\t\t\t\t\t\t\tdata-frame_1=\"tp:600;e:power2.inOut;st:500;sp:1090;sR:500;\"\n\t\t\t\t\t\t\t\tdata-frame_999=\"o:0;tp:600;e:nothing;st:w;sR:3410;\"\n\t\t\t\t\t\t\t\tstyle=\"z-index:7;font-family:'Montserrat';\"\n\t\t\t\t\t\t\t><span style=\"color: rgba(255, 255, 255, .7\">There\u2019s always something more in our products.<\/span> \n\t\t\t\t\t\t\t<\/rs-layer><!--\n\n\t\t\t\t\t\t\t--><rs-layer\n\t\t\t\t\t\t\t\tid=\"slider-1-slide-2-layer-5\" \n\t\t\t\t\t\t\t\tdata-type=\"text\"\n\t\t\t\t\t\t\t\tdata-rsp_ch=\"on\"\n\t\t\t\t\t\t\t\tdata-xy=\"xo:505px;yo:405px;\"\n\t\t\t\t\t\t\t\tdata-text=\"s:16;l:22;a:inherit;\"\n\t\t\t\t\t\t\t\tdata-frame_0=\"y:50px;tp:600;\"\n\t\t\t\t\t\t\t\tdata-frame_1=\"tp:600;e:power2.inOut;sp:1450;sR:10;\"\n\t\t\t\t\t\t\t\tdata-frame_999=\"y:-50px;o:0;tp:600;e:nothing;st:w;sR:3540;\"\n\t\t\t\t\t\t\t\tstyle=\"z-index:8;font-family:'Open Sans';\"\n\t\t\t\t\t\t\t><a href=\"produkte\" class=\"button primary-button\"><i class=\"fa fa-share\"><\/i>Read More<\/a> \n\t\t\t\t\t\t\t<\/rs-layer><!--\n-->\t\t\t\t\t<\/rs-slide>\n\t\t\t\t\t\t<rs-slide style=\"position: absolute;\" data-key=\"rs-3\" data-title=\"Slide\" data-thumb=\"\/\/ka-trading.com\/wp-content\/uploads\/2017\/12\/banner2-100x50.png\" data-in=\"o:1;x:100%;\" data-out=\"x:-60%;\">\n\t\t\t\t\t\t\t<img decoding=\"async\" src=\"\/\/ka-trading.com\/wp-content\/plugins\/revslider\/sr6\/assets\/assets\/dummy.png\" alt=\"\" title=\"Homepage 01\" class=\"rev-slidebg tp-rs-img rs-lazyload\" data-lazyload=\"\/\/ka-trading.com\/wp-content\/uploads\/2017\/12\/banner2.png\" data-parallax=\"off\" data-no-retina>\n<!--\n\t\t\t\t\t\t\t--><rs-layer\n\t\t\t\t\t\t\t\tid=\"slider-1-slide-3-layer-1\" \n\t\t\t\t\t\t\t\tclass=\"Industry Montserrat Big\"\n\t\t\t\t\t\t\t\tdata-type=\"text\"\n\t\t\t\t\t\t\t\tdata-color=\"rgba(255, 255, 255, 1)\"\n\t\t\t\t\t\t\t\tdata-rsp_ch=\"on\"\n\t\t\t\t\t\t\t\tdata-xy=\"x:c;y:t,t,t,m;yo:170px,170px,170px,-15px;\"\n\t\t\t\t\t\t\t\tdata-text=\"s:50,50,50,30;l:55,55,55,33;fw:700;\"\n\t\t\t\t\t\t\t\tdata-frame_0=\"o:1;tp:600;\"\n\t\t\t\t\t\t\t\tdata-frame_1=\"tp:600;e:power2.inOut;st:500;sR:500;\"\n\t\t\t\t\t\t\t\tdata-frame_999=\"x:right;tp:600;e:nothing;st:w;sR:4200;\"\n\t\t\t\t\t\t\t\tstyle=\"z-index:5;font-family:'Montserrat';\"\n\t\t\t\t\t\t\t><span class=\"primary-color\">Certified Quality<\/span> \n\t\t\t\t\t\t\t<\/rs-layer><!--\n\n\t\t\t\t\t\t\t--><rs-layer\n\t\t\t\t\t\t\t\tid=\"slider-1-slide-3-layer-4\" \n\t\t\t\t\t\t\t\tdata-type=\"text\"\n\t\t\t\t\t\t\t\tdata-color=\"rgba(255, 255, 255, 1)\"\n\t\t\t\t\t\t\t\tdata-rsp_ch=\"on\"\n\t\t\t\t\t\t\t\tdata-xy=\"x:c;yo:306px,306px,306px,117px;\"\n\t\t\t\t\t\t\t\tdata-text=\"w:normal;s:18;l:29;a:center;\"\n\t\t\t\t\t\t\t\tdata-dim=\"w:366px;h:23px;\"\n\t\t\t\t\t\t\t\tdata-vbility=\"t,t,t,f\"\n\t\t\t\t\t\t\t\tdata-frame_0=\"y:-50px;tp:600;\"\n\t\t\t\t\t\t\t\tdata-frame_1=\"tp:600;e:power2.inOut;st:500;sp:920;sR:500;\"\n\t\t\t\t\t\t\t\tdata-frame_999=\"y:50px;o:0;tp:600;e:nothing;st:w;sR:3580;\"\n\t\t\t\t\t\t\t\tstyle=\"z-index:6;font-family:'Montserrat';\"\n\t\t\t\t\t\t\t><span style=\"color: rgba(255, 255, 255, .7\">Our products, raw material and workflow are controlled and certified to guarantee the highest quality and safety and we can prove that.<\/span> \n\t\t\t\t\t\t\t<\/rs-layer><!--\n\n\t\t\t\t\t\t\t--><rs-layer\n\t\t\t\t\t\t\t\tid=\"slider-1-slide-3-layer-6\" \n\t\t\t\t\t\t\t\tdata-type=\"text\"\n\t\t\t\t\t\t\t\tdata-rsp_ch=\"on\"\n\t\t\t\t\t\t\t\tdata-xy=\"xo:536px;yo:455px;\"\n\t\t\t\t\t\t\t\tdata-text=\"s:16;l:22;a:inherit;\"\n\t\t\t\t\t\t\t\tdata-frame_0=\"tp:600;\"\n\t\t\t\t\t\t\t\tdata-frame_1=\"tp:600;e:power2.inOut;st:0;sp:1210;\"\n\t\t\t\t\t\t\t\tdata-frame_999=\"o:0;tp:600;e:nothing;st:w;sR:3790;\"\n\t\t\t\t\t\t\t\tstyle=\"z-index:7;font-family:'Open Sans';\"\n\t\t\t\t\t\t\t><a href=\"produkte\" class=\"button primary-button\"><i class=\"fa fa-share\"><\/i>Read More<\/a> \n\t\t\t\t\t\t\t<\/rs-layer><!--\n-->\t\t\t\t\t<\/rs-slide>\n\t\t\t\t\t<\/rs-slides>\n\t\t\t\t<\/rs-module>\n\t\t\t\t<script>\n\t\t\t\t\tsetREVStartSize({c: 'rev_slider_1_2',rl:[1240,1024,778,480],el:[],gw:[1170,1024,778,480],gh:[600,600,500,400],type:'standard',justify:'',layout:'fullwidth',mh:\"0\"});if (window.RS_MODULES!==undefined && window.RS_MODULES.modules!==undefined && window.RS_MODULES.modules[\"revslider12\"]!==undefined) {window.RS_MODULES.modules[\"revslider12\"].once = false;window.revapi1_2 = undefined;if (window.RS_MODULES.checkMinimal!==undefined) window.RS_MODULES.checkMinimal()}\n\t\t\t\t<\/script>\n\t\t\t<\/rs-module-wrap>\n\t\t\t<!-- END REVOLUTION SLIDER -->\n[\/vc_column_text][\/vc_column][\/vc_row][vc_row 0=&#8221;&#8221;][vc_column width=&#8221;1\/2&#8243; offset=&#8221;vc_col-md-8&#8243;][\/vc_column][vc_column width=&#8221;1\/2&#8243; css=&#8221;.vc_custom_1467710608463{margin-top: -70px !important;}&#8221; offset=&#8221;vc_col-md-4 vc_col-sm-offset-0 vc_hidden-sm vc_col-xs-12&#8243;][saturnthemes_industry_icon_box icon_fontawesome=&#8221;fa fa-building-o&#8221; read_more=&#8221;box&#8221; link=&#8221;url:http%3A%2F%2Flocalhost%2Fka-trading%2Fprodukte|||&#8221; custom_color=&#8221;#ffffff&#8221; icon_background_color=&#8221;#00b94f&#8221; title=&#8221;Don\u2019t Hesitate To Ask&#8221; content_color=&#8221;#ffffff&#8221; css=&#8221;.vc_custom_1515354745777{margin-top: -30px !important;background-color: #00ce58 !important;}&#8221; el_class=&#8221;primary-bg&#8221;]REQUEST A QUICK QUOTE[\/saturnthemes_industry_icon_box][\/vc_column][\/vc_row][vc_row css=&#8221;.vc_custom_1465809554607{padding-top: 50px !important;padding-bottom: 30px !important;}&#8221;][vc_column 0=&#8221;&#8221;][vc_custom_heading text=&#8221;Products&#8221; font_container=&#8221;tag:h2|font_size:30px|text_align:left&#8221; use_theme_fonts=&#8221;yes&#8221; font_weight=&#8221;700&#8243; text_transform=&#8221;uppercase&#8221; heading_style=&#8221;heading&#8221; sub_heading_character=&#8221;Passion for challenge, our guidance!&#8221; sub_heading_character_color=&#8221;rgba(0,0,0,0.4)&#8221; link=&#8221;url:http%3A%2F%2Flocalhost%2Fka-trading%2Fprodukte%2Fwhy-our-consulting%2F|||&#8221;][saturnthemes_industry_services_grid show_excerpt=&#8221;yes&#8221; order=&#8221;DESC&#8221; per_page=&#8221;6&#8243; taxonomies=&#8221;industry&#8221;][\/vc_column][\/vc_row][vc_row full_width=&#8221;stretch_row&#8221; el_class=&#8221;primary-bg group-btn-inline inline-right&#8221;][vc_column width=&#8221;1\/3&#8243;][saturnthemes_industry_icon_box icon_fontawesome=&#8221;fa fa-download&#8221; read_more=&#8221;box&#8221; link=&#8221;url:https%3A%2F%2Fka-trading.com%2Fwp-content%2Fuploads%2F2017%2F12%2FCertifikate_KA-trading_ISO-9001_2.pdf||target:%20_blank|&#8221; title=&#8221;Don\u2019t Hesitate To Ask&#8221; title_color=&#8221;#ffffff&#8221; el_class=&#8221;inline-left&#8221; custom_color=&#8221;#ffffff&#8221; icon_background_color=&#8221;#18691e&#8221; content_color=&#8221;#ffffff&#8221;]DOWNLOAD BROCHURES[\/saturnthemes_industry_icon_box][\/vc_column][vc_column width=&#8221;2\/3&#8243;][saturnthemes_industry_icon_button btn_align=&#8221;right&#8221; btn_style=&#8221;custom&#8221; button_color=&#8221;#ffffff&#8221; button_text_color_hover=&#8221;#353535&#8243; button_bg_color_hover=&#8221;#ffffff&#8221; button_border_color=&#8221;#ffffff&#8221; button_border_color_hover=&#8221;#ffffff&#8221; button_icon_color=&#8221;#2d2d2d&#8221; icon_fontawesome=&#8221;fa fa-share&#8221; link=&#8221;url:http%3A%2F%2Flocalhost%2Fka-trading%2Fkontakt|title:Submit%20Inquiry|target:%20_blank|&#8221; css=&#8221;.vc_custom_1523394289695{margin-top: 25px !important;}&#8221;][saturnthemes_industry_icon_button btn_align=&#8221;right&#8221; btn_style=&#8221;custom&#8221; button_color=&#8221;#ffffff&#8221; button_text_color_hover=&#8221;#444444&#8243; button_bg_color_hover=&#8221;#ffffff&#8221; button_border_color_hover=&#8221;#ffffff&#8221; button_icon_color=&#8221;#4c4c4c&#8221; icon_fontawesome=&#8221;fa fa-download&#8221; link=&#8221;url:https%3A%2F%2Fka-trading.com%2Fwp-content%2Fuploads%2F2017%2F12%2FCertifikate_KA-trading_ISO-9001_2.pdf|title:Download|target:%20_blank|&#8221;][\/vc_column][\/vc_row][vc_row full_width=&#8221;stretch_row&#8221; content_placement=&#8221;middle&#8221; css=&#8221;.vc_custom_1461166766966{border-top-width: 1px !important;border-top-color: #eeeeee !important;border-top-style: solid !important;}&#8221;][vc_column width=&#8221;1\/2&#8243;][vc_custom_heading text=&#8221;About Us&#8221; font_container=&#8221;tag:h2|font_size:30px|text_align:left&#8221; use_theme_fonts=&#8221;yes&#8221; font_weight=&#8221;700&#8243; text_transform=&#8221;uppercase&#8221; heading_style=&#8221;heading&#8221; sub_heading_character_color=&#8221;rgba(0,0,0,0.4)&#8221; link=&#8221;url:http%3A%2F%2Flocalhost%2Fka-trading%2Fabout-us%2F|||&#8221;][vc_column_text 0=&#8221;&#8221;]<\/p>\n<p class=\"section-subheading text-justify\">Passion for challenge, our guidance! With the purpose to offer to the Albanian market a local high quality brand, KA Trading Ltd started its activity on 2007. Our key to success stands with the FOCUS on the PRODUCT, no compromise with QUALITY and the satisfaction of END USER! In every activity of ours, we follow the principles of Integrity, Respect, Collaboration, Leadership and Correctness. These values unite KA Trading. These values help us to move forward in our everyday activity and to have strong basis every day and more. We claim the best.<\/p>\n<p>.[\/vc_column_text][saturnthemes_industry_icon_button icon_fontawesome=&#8221;fa fa-share&#8221; btn_size=&#8221;btn-normal-size&#8221; link=&#8221;url:http%3A%2F%2Flocalhost%2Fka-trading%2Fabout-us%2F|title:Readmore|target:%20_blank|&#8221; css=&#8221;.vc_custom_1514217998192{margin-bottom: 20px !important;}&#8221;][\/vc_column][vc_column width=&#8221;1\/2&#8243; css=&#8221;.vc_custom_1461088113489{padding-top: 0px !important;}&#8221;][vc_single_image image=&#8221;1775&#8243; img_size=&#8221;full&#8221; alignment=&#8221;center&#8221; css=&#8221;.vc_custom_1514404401473{margin-bottom: 0px !important;}&#8221;][\/vc_column][\/vc_row][vc_row full_width=&#8221;stretch_row&#8221; css=&#8221;.vc_custom_1515355170919{padding-top: 15px !important;padding-bottom: 50px !important;background-image: url(https:\/\/ka-trading.com\/wp-content\/uploads\/revslider\/homepage-02\/slider-home02-01.jpg?id=1564) !important;}&#8221;][vc_column width=&#8221;1\/2&#8243; offset=&#8221;vc_col-lg-4&#8243;][saturnthemes_industry_icon_box icon_fontawesome=&#8221;fa fa-map-o&#8221; box_bg_color=&#8221;rgba(0,0,0,0.5)&#8221; box_style=&#8221;&#8221; title=&#8221;Address&#8221; title_color=&#8221;rgba(255,255,255,0.4)&#8221; content_color=&#8221;#ffffff&#8221; icon_background_color=&#8221;rgba(0,0,0,0.4)&#8221;]Sed\u00eb Novosel\u00eb, 18 km, Vlor\u00eb (AL)[\/saturnthemes_industry_icon_box][\/vc_column][vc_column width=&#8221;1\/2&#8243; offset=&#8221;vc_col-md-4&#8243;][saturnthemes_industry_icon_box icon_fontawesome=&#8221;fa fa-envelope-o&#8221; box_bg_color=&#8221;rgba(0,0,0,0.5)&#8221; box_style=&#8221;&#8221; title=&#8221;Email Us&#8221; title_color=&#8221;rgba(255,255,255,0.4)&#8221; content_color=&#8221;#ffffff&#8221; icon_background_color=&#8221;rgba(0,0,0,0.4)&#8221;]info@ka-trading.com[\/saturnthemes_industry_icon_box][\/vc_column][vc_column width=&#8221;1\/2&#8243; offset=&#8221;vc_col-md-4&#8243;][saturnthemes_industry_icon_box icon_fontawesome=&#8221;fa fa-phone&#8221; box_bg_color=&#8221;rgba(0,0,0,0.5)&#8221; box_style=&#8221;&#8221; title=&#8221;Call Us&#8221; title_color=&#8221;rgba(255,255,255,0.4)&#8221; content_color=&#8221;#ffffff&#8221; icon_background_color=&#8221;rgba(0,0,0,0.4)&#8221;]+35534504800[\/saturnthemes_industry_icon_box][\/vc_column][\/vc_row][vc_row full_width=&#8221;stretch_row&#8221; css=&#8221;.vc_custom_1461091664450{padding-top: 54px !important;padding-bottom: 59px !important;background-color: #eeeeee !important;}&#8221;][vc_column 0=&#8221;&#8221;][saturnthemes_industry_image_carousel images=&#8221;717,718,719,720,721,722,1351,1352&#8243; items_on_desktop=&#8221;6&#8243; autoplay=&#8221;&#8221; hide_prev_next_buttons=&#8221;yes&#8221; item_space=&#8221;0&#8243;][\/vc_column][\/vc_row]<\/p>\n<\/div>","protected":false},"excerpt":{"rendered":"<p>[vc_row 0=&#8221;&#8221;][vc_column 0=&#8221;&#8221;][vc_column_text 0=&#8221;&#8221;][\/vc_column_text][\/vc_column][\/vc_row][vc_row 0=&#8221;&#8221;][vc_column width=&#8221;1\/2&#8243; offset=&#8221;vc_col-md-8&#8243;][\/vc_column][vc_column width=&#8221;1\/2&#8243; css=&#8221;.vc_custom_1467710608463{margin-top: -70px !important;}&#8221; offset=&#8221;vc_col-md-4 vc_col-sm-offset-0 vc_hidden-sm vc_col-xs-12&#8243;][saturnthemes_industry_icon_box icon_fontawesome=&#8221;fa fa-building-o&#8221; read_more=&#8221;box&#8221; link=&#8221;url:http%3A%2F%2Flocalhost%2Fka-trading%2Fprodukte|||&#8221; custom_color=&#8221;#ffffff&#8221; icon_background_color=&#8221;#00b94f&#8221; title=&#8221;Don\u2019t Hesitate To Ask&#8221; content_color=&#8221;#ffffff&#8221; css=&#8221;.vc_custom_1515354745777{margin-top: -30px !important;background-color: #00ce58 !important;}&#8221; el_class=&#8221;primary-bg&#8221;]REQUEST A QUICK QUOTE[\/saturnthemes_industry_icon_box][\/vc_column][\/vc_row][vc_row css=&#8221;.vc_custom_1465809554607{padding-top: 50px !important;padding-bottom: 30px !important;}&#8221;][vc_column 0=&#8221;&#8221;][vc_custom_heading text=&#8221;Products&#8221; font_container=&#8221;tag:h2|font_size:30px|text_align:left&#8221; use_theme_fonts=&#8221;yes&#8221; font_weight=&#8221;700&#8243; text_transform=&#8221;uppercase&#8221; heading_style=&#8221;heading&#8221; sub_heading_character=&#8221;Passion for challenge, our guidance!&#8221; sub_heading_character_color=&#8221;rgba(0,0,0,0.4)&#8221; link=&#8221;url:http%3A%2F%2Flocalhost%2Fka-trading%2Fprodukte%2Fwhy-our-consulting%2F|||&#8221;][saturnthemes_industry_services_grid show_excerpt=&#8221;yes&#8221; order=&#8221;DESC&#8221; per_page=&#8221;6&#8243; taxonomies=&#8221;industry&#8221;][\/vc_column][\/vc_row][vc_row full_width=&#8221;stretch_row&#8221; el_class=&#8221;primary-bg group-btn-inline inline-right&#8221;][vc_column width=&#8221;1\/3&#8243;][saturnthemes_industry_icon_box icon_fontawesome=&#8221;fa fa-download&#8221; read_more=&#8221;box&#8221; link=&#8221;url:https%3A%2F%2Fka-trading.com%2Fwp-content%2Fuploads%2F2017%2F12%2FCertifikate_KA-trading_ISO-9001_2.pdf||target:%20_blank|&#8221; title=&#8221;Don\u2019t Hesitate To Ask&#8221; title_color=&#8221;#ffffff&#8221; el_class=&#8221;inline-left&#8221; custom_color=&#8221;#ffffff&#8221; icon_background_color=&#8221;#18691e&#8221; content_color=&#8221;#ffffff&#8221;]DOWNLOAD BROCHURES[\/saturnthemes_industry_icon_box][\/vc_column][vc_column width=&#8221;2\/3&#8243;][saturnthemes_industry_icon_button btn_align=&#8221;right&#8221; btn_style=&#8221;custom&#8221; button_color=&#8221;#ffffff&#8221; button_text_color_hover=&#8221;#353535&#8243; button_bg_color_hover=&#8221;#ffffff&#8221; button_border_color=&#8221;#ffffff&#8221; button_border_color_hover=&#8221;#ffffff&#8221; button_icon_color=&#8221;#2d2d2d&#8221; icon_fontawesome=&#8221;fa fa-share&#8221; link=&#8221;url:http%3A%2F%2Flocalhost%2Fka-trading%2Fkontakt|title:Submit%20Inquiry|target:%20_blank|&#8221; css=&#8221;.vc_custom_1523394289695{margin-top: 25px !important;}&#8221;][saturnthemes_industry_icon_button btn_align=&#8221;right&#8221; btn_style=&#8221;custom&#8221; button_color=&#8221;#ffffff&#8221; button_text_color_hover=&#8221;#444444&#8243; button_bg_color_hover=&#8221;#ffffff&#8221; button_border_color_hover=&#8221;#ffffff&#8221; button_icon_color=&#8221;#4c4c4c&#8221; icon_fontawesome=&#8221;fa fa-download&#8221; link=&#8221;url:https%3A%2F%2Fka-trading.com%2Fwp-content%2Fuploads%2F2017%2F12%2FCertifikate_KA-trading_ISO-9001_2.pdf|title:Download|target:%20_blank|&#8221;][\/vc_column][\/vc_row][vc_row full_width=&#8221;stretch_row&#8221; content_placement=&#8221;middle&#8221; css=&#8221;.vc_custom_1461166766966{border-top-width: 1px !important;border-top-color: #eeeeee !important;border-top-style: solid !important;}&#8221;][vc_column width=&#8221;1\/2&#8243;][vc_custom_heading text=&#8221;About Us&#8221; font_container=&#8221;tag:h2|font_size:30px|text_align:left&#8221; use_theme_fonts=&#8221;yes&#8221; font_weight=&#8221;700&#8243; text_transform=&#8221;uppercase&#8221; heading_style=&#8221;heading&#8221; sub_heading_character_color=&#8221;rgba(0,0,0,0.4)&#8221; link=&#8221;url:http%3A%2F%2Flocalhost%2Fka-trading%2Fabout-us%2F|||&#8221;][vc_column_text 0=&#8221;&#8221;] Passion for challenge, our guidance! With the purpose to offer to the Albanian market a local high quality brand, KA Trading Ltd started its activity on 2007. Our key to success stands with the FOCUS on the PRODUCT, no compromise with QUALITY and the satisfaction of END USER! In every activity of ours, we follow the principles of Integrity, Respect, Collaboration, Leadership and Correctness. These values unite KA Trading. These values help us to move forward in our [&hellip;]<\/p>\n","protected":false},"author":1,"featured_media":0,"parent":0,"menu_order":0,"comment_status":"closed","ping_status":"closed","template":"","meta":{"footnotes":""},"_links":{"self":[{"href":"https:\/\/ka-trading.com\/en\/wp-json\/wp\/v2\/pages\/687"}],"collection":[{"href":"https:\/\/ka-trading.com\/en\/wp-json\/wp\/v2\/pages"}],"about":[{"href":"https:\/\/ka-trading.com\/en\/wp-json\/wp\/v2\/types\/page"}],"author":[{"embeddable":true,"href":"https:\/\/ka-trading.com\/en\/wp-json\/wp\/v2\/users\/1"}],"replies":[{"embeddable":true,"href":"https:\/\/ka-trading.com\/en\/wp-json\/wp\/v2\/comments?post=687"}],"version-history":[{"count":84,"href":"https:\/\/ka-trading.com\/en\/wp-json\/wp\/v2\/pages\/687\/revisions"}],"predecessor-version":[{"id":1882,"href":"https:\/\/ka-trading.com\/en\/wp-json\/wp\/v2\/pages\/687\/revisions\/1882"}],"wp:attachment":[{"href":"https:\/\/ka-trading.com\/en\/wp-json\/wp\/v2\/media?parent=687"}],"curies":[{"name":"wp","href":"https:\/\/api.w.org\/{rel}","templated":true}]}}