{"id":1676,"date":"2017-12-24T15:52:36","date_gmt":"2017-12-24T15:52:36","guid":{"rendered":"http:\/\/ka-trading.com\/?page_id=1676"},"modified":"2018-04-08T18:56:07","modified_gmt":"2018-04-08T18:56:07","slug":"laboratori","status":"publish","type":"page","link":"https:\/\/ka-trading.com\/en\/laboratori\/","title":{"rendered":"LAB"},"content":{"rendered":"<div class=\"wpb-content-wrapper\"><p>[vc_row][vc_column][vc_column_text]P\u00ebrkushtimi yn\u00eb ndaj detajit na dallon! KA Trading \u00ebsht\u00eb i pajisur me laborator t\u00eb brendsh\u00ebm, funksional q\u00eb monitoron dhe verifikon ruajtjen e parametrave cil\u00ebsor. Laboratori \u00ebsht\u00eb i pajisur me mjete Gjermane dhe Italiane laboratorike dhe staf profesional. Detyra e laborant\u00ebve \u00ebsht\u00eb t\u00eb verifikojn\u00eb parametrat teknike dhe baktereologjike t\u00eb l\u00ebnd\u00ebve t\u00eb para si dhe t\u00eb produktit final. Verifikimet dhe testet kryhen sistematikisht para, gjat\u00eb dhe pas procesit t\u00eb prodhimit. N\u00eb k\u00ebt\u00eb m\u00ebnyr\u00eb garantohet cil\u00ebsia, funksionaliteti dhe skeda teknike e miratuar nga bordi drejtues dhe e k\u00ebrkuar nga klient\u00ebt.[\/vc_column_text][\/vc_column][\/vc_row][vc_row][vc_column width=&#8221;1\/4&#8243;][vc_single_image image=&#8221;1863&#8243; img_size=&#8221;full&#8221;][\/vc_column][vc_column width=&#8221;3\/4&#8243;][vc_custom_heading text=&#8221;PARAMETRAT BAKTEREOLOGJIK&#8221; font_weight=&#8221;400&#8243; text_transform=&#8221;none&#8221; sub_heading_character_color=&#8221;rgba(0,0,0,0.4)&#8221;][vc_column_text]Testimi Baktereologjik: ky testim kryhet n\u00eb cdo produkt t\u00eb p\u00ebrzgjedhur p\u00ebr testim. N\u00ebp\u00ebrmjet k\u00ebtij testimi verfikohet niveli baktereologjik. Po ashtu n\u00eb mikroskop verifikohen dhe disa nga l\u00ebnd\u00ebt e para p\u00ebr p\u00ebrberjen e tyre.[\/vc_column_text][\/vc_column][\/vc_row][vc_row][vc_column width=&#8221;1\/4&#8243;][vc_single_image image=&#8221;1626&#8243; img_size=&#8221;full&#8221;][\/vc_column][vc_column width=&#8221;3\/4&#8243;][vc_custom_heading text=&#8221;PARAMETRAT E PESH\u00cbS<br \/>\n&#8221; font_weight=&#8221;400&#8243; text_transform=&#8221;none&#8221; sub_heading_character_color=&#8221;rgba(0,0,0,0.4)&#8221;][vc_column_text]Peshimi: cdo produkt i n\u00ebnshtrohet peshimit. Proces ky qe verifikon sakt\u00ebsin\u00eb e sasive t\u00eb l\u00ebnd\u00ebve t\u00eb para t\u00eb aplikuara n\u00eb pelen\u00eb.[\/vc_column_text][\/vc_column][\/vc_row][vc_row][vc_column width=&#8221;1\/4&#8243;][vc_single_image image=&#8221;1864&#8243; img_size=&#8221;full&#8221;][\/vc_column][vc_column width=&#8221;3\/4&#8243;][vc_custom_heading text=&#8221;PARAMETRAT TEKNIKE<br \/>\n&#8221; font_weight=&#8221;400&#8243; text_transform=&#8221;none&#8221; sub_heading_character_color=&#8221;rgba(0,0,0,0.4)&#8221;][vc_column_text]Matjet teknike t\u00eb produktit final; absorbimi, rezistenca e llastikut t\u00eb k\u00ebmb\u00ebve, forca ngjit\u00ebse e kap\u00ebseve an\u00ebsore dhe p\u00ebrmasat e pelen\u00ebs.[\/vc_column_text][\/vc_column][\/vc_row][vc_row][vc_column width=&#8221;1\/4&#8243;][vc_single_image image=&#8221;1631&#8243; img_size=&#8221;full&#8221;][\/vc_column][vc_column width=&#8221;3\/4&#8243;][vc_custom_heading text=&#8221;PAJISJET DHE ASISTENCA<br \/>\n&#8221; font_weight=&#8221;400&#8243; text_transform=&#8221;none&#8221; sub_heading_character_color=&#8221;rgba(0,0,0,0.4)&#8221;][vc_column_text]KA Trading \u00ebsht\u00eb i pajisur me laborator t\u00eb brendsh\u00ebm, funksional q\u00eb monitoron dhe verifikon ruajtjen e parametrave cil\u00ebsor.Laboratori \u00ebsht\u00eb i pajisur me mjete Gjermane dhe Italiane laboratorike dhe staf profesional.<\/p>\n<p>Detyra e laborant\u00ebve \u00ebsht\u00eb t\u00eb verifikojn\u00eb parametrat teknike dhe baktereologjike t\u00eb l\u00ebnd\u00ebve t\u00eb para si dhe t\u00eb produktit final.Verifikimet dhe testet kryhen sistematikisht para, gjat\u00eb dhe pas procesit t\u00eb prodhimit.<\/p>\n<p>N\u00eb k\u00ebt\u00eb m\u00ebnyr\u00eb garantohet cil\u00ebsia, funksionaliteti dhe skeda teknike e miratuar nga bordi drejtues dhe e k\u00ebrkuar nga klient\u00ebt[\/vc_column_text][\/vc_column][\/vc_row]<\/p>\n<\/div>","protected":false},"excerpt":{"rendered":"<p>[vc_row][vc_column][vc_column_text]P\u00ebrkushtimi yn\u00eb ndaj detajit na dallon! KA Trading \u00ebsht\u00eb i pajisur me laborator t\u00eb brendsh\u00ebm, funksional q\u00eb monitoron dhe verifikon ruajtjen e parametrave cil\u00ebsor. Laboratori \u00ebsht\u00eb i pajisur me mjete Gjermane dhe Italiane laboratorike dhe staf profesional. Detyra e laborant\u00ebve \u00ebsht\u00eb t\u00eb verifikojn\u00eb parametrat teknike dhe baktereologjike t\u00eb l\u00ebnd\u00ebve t\u00eb para si dhe t\u00eb produktit final. Verifikimet dhe testet kryhen sistematikisht para, gjat\u00eb dhe pas procesit t\u00eb prodhimit. N\u00eb k\u00ebt\u00eb m\u00ebnyr\u00eb garantohet cil\u00ebsia, funksionaliteti dhe skeda teknike e miratuar nga bordi drejtues dhe e k\u00ebrkuar nga klient\u00ebt.[\/vc_column_text][\/vc_column][\/vc_row][vc_row][vc_column width=&#8221;1\/4&#8243;][vc_single_image image=&#8221;1863&#8243; img_size=&#8221;full&#8221;][\/vc_column][vc_column width=&#8221;3\/4&#8243;][vc_custom_heading text=&#8221;PARAMETRAT BAKTEREOLOGJIK&#8221; font_weight=&#8221;400&#8243; text_transform=&#8221;none&#8221; sub_heading_character_color=&#8221;rgba(0,0,0,0.4)&#8221;][vc_column_text]Testimi Baktereologjik: ky testim kryhet n\u00eb cdo produkt t\u00eb p\u00ebrzgjedhur p\u00ebr testim. N\u00ebp\u00ebrmjet k\u00ebtij testimi verfikohet niveli baktereologjik. Po ashtu n\u00eb mikroskop verifikohen dhe disa nga l\u00ebnd\u00ebt e para p\u00ebr p\u00ebrberjen e tyre.[\/vc_column_text][\/vc_column][\/vc_row][vc_row][vc_column width=&#8221;1\/4&#8243;][vc_single_image image=&#8221;1626&#8243; img_size=&#8221;full&#8221;][\/vc_column][vc_column width=&#8221;3\/4&#8243;][vc_custom_heading text=&#8221;PARAMETRAT E PESH\u00cbS &#8221; font_weight=&#8221;400&#8243; text_transform=&#8221;none&#8221; sub_heading_character_color=&#8221;rgba(0,0,0,0.4)&#8221;][vc_column_text]Peshimi: cdo produkt i n\u00ebnshtrohet peshimit. Proces ky qe verifikon sakt\u00ebsin\u00eb e sasive t\u00eb l\u00ebnd\u00ebve t\u00eb para t\u00eb aplikuara n\u00eb pelen\u00eb.[\/vc_column_text][\/vc_column][\/vc_row][vc_row][vc_column width=&#8221;1\/4&#8243;][vc_single_image image=&#8221;1864&#8243; img_size=&#8221;full&#8221;][\/vc_column][vc_column width=&#8221;3\/4&#8243;][vc_custom_heading text=&#8221;PARAMETRAT TEKNIKE &#8221; font_weight=&#8221;400&#8243; text_transform=&#8221;none&#8221; sub_heading_character_color=&#8221;rgba(0,0,0,0.4)&#8221;][vc_column_text]Matjet teknike t\u00eb produktit final; absorbimi, rezistenca e llastikut t\u00eb k\u00ebmb\u00ebve, forca ngjit\u00ebse e kap\u00ebseve an\u00ebsore dhe p\u00ebrmasat e pelen\u00ebs.[\/vc_column_text][\/vc_column][\/vc_row][vc_row][vc_column width=&#8221;1\/4&#8243;][vc_single_image image=&#8221;1631&#8243; img_size=&#8221;full&#8221;][\/vc_column][vc_column width=&#8221;3\/4&#8243;][vc_custom_heading text=&#8221;PAJISJET DHE ASISTENCA &#8221; font_weight=&#8221;400&#8243; text_transform=&#8221;none&#8221; sub_heading_character_color=&#8221;rgba(0,0,0,0.4)&#8221;][vc_column_text]KA Trading [&hellip;]<\/p>\n","protected":false},"author":1,"featured_media":1782,"parent":0,"menu_order":0,"comment_status":"closed","ping_status":"closed","template":"","meta":{"footnotes":""},"_links":{"self":[{"href":"https:\/\/ka-trading.com\/en\/wp-json\/wp\/v2\/pages\/1676"}],"collection":[{"href":"https:\/\/ka-trading.com\/en\/wp-json\/wp\/v2\/pages"}],"about":[{"href":"https:\/\/ka-trading.com\/en\/wp-json\/wp\/v2\/types\/page"}],"author":[{"embeddable":true,"href":"https:\/\/ka-trading.com\/en\/wp-json\/wp\/v2\/users\/1"}],"replies":[{"embeddable":true,"href":"https:\/\/ka-trading.com\/en\/wp-json\/wp\/v2\/comments?post=1676"}],"version-history":[{"count":21,"href":"https:\/\/ka-trading.com\/en\/wp-json\/wp\/v2\/pages\/1676\/revisions"}],"predecessor-version":[{"id":1865,"href":"https:\/\/ka-trading.com\/en\/wp-json\/wp\/v2\/pages\/1676\/revisions\/1865"}],"wp:featuredmedia":[{"embeddable":true,"href":"https:\/\/ka-trading.com\/en\/wp-json\/wp\/v2\/media\/1782"}],"wp:attachment":[{"href":"https:\/\/ka-trading.com\/en\/wp-json\/wp\/v2\/media?parent=1676"}],"curies":[{"name":"wp","href":"https:\/\/api.w.org\/{rel}","templated":true}]}}